{"id":950,"date":"2019-06-19T14:30:10","date_gmt":"2019-06-19T11:30:10","guid":{"rendered":"http:\/\/www.masina-tuote.com\/?product=qdp35r"},"modified":"2020-01-28T10:56:57","modified_gmt":"2020-01-28T08:56:57","slug":"qdp35r","status":"publish","type":"product","link":"https:\/\/www.masina-tuote.com\/?product=qdp35r&lang=en","title":{"rendered":"QDP35R quick detach scope mount"},"content":{"rendered":"<p><strong>Technical Specifications<\/strong><\/p>\n<p>Length: 35mm<br \/>\nBase Height: 21mm<br \/>\nBase Weight: 50g each<br \/>\nMaterial: Al-7075<br \/>\nRing size options: 25,4mm, 30mm, 34mm, 36mm and 40mm<br \/>\nManufacturer\u2019s material and construction warranty: 2 years<\/p>\n<p><strong>Ring specifications<\/strong><\/p>\n<table>\n<tbody>\n<tr>\n<td width=\"160\">Inside diameter (mm)<\/td>\n<td width=\"160\">Weight (g\/each)<\/td>\n<td width=\"160\">Crosshair height from the base bottom (mm)<\/td>\n<\/tr>\n<tr>\n<td width=\"160\">25,4<\/td>\n<td width=\"160\">23<\/td>\n<td width=\"160\">20,7<\/td>\n<\/tr>\n<tr>\n<td width=\"160\">30<\/td>\n<td width=\"160\">34<\/td>\n<td width=\"160\">21<\/td>\n<\/tr>\n<tr>\n<td width=\"160\">34<\/td>\n<td width=\"160\">41<\/td>\n<td width=\"160\">25<\/td>\n<\/tr>\n<tr>\n<td width=\"160\">36<\/td>\n<td width=\"160\">43<\/td>\n<td width=\"160\">25<\/td>\n<\/tr>\n<tr>\n<td width=\"160\">40<\/td>\n<td width=\"160\">50<\/td>\n<td width=\"160\">30<\/td>\n<\/tr>\n<\/tbody>\n<\/table>\n<p>&nbsp;<\/p>\n<p><strong>Reliability\/repeatability testing<\/strong><\/p>\n<p>Our QDP mounts were independently tested by Jarmo Siltanen, Jyv\u00e4skyl\u00e4, on 12-12-2018 at Rajam\u00e4ki rifle range in Jyv\u00e4skyl\u00e4, Finland.<\/p>\n<p>Caliber: .338 LM<br \/>\nPowder: Vihtavuori N570<br \/>\nProjectile: Lock Base 16,2 g<br \/>\nSpeed: 916 m\/s<br \/>\nEnergy: approx. 7000J<\/p>\n","protected":false},"excerpt":{"rendered":"<p>QDP35R mounts are designed to fit MIL-STD-1913 Picatinny rails and are built to accommodate heavy scopes (e.g. Swarowski ds5-25P, weighing 1060g) on large caliber rifles equipped with Picatinny rail (e.g., Tikka T3x.)<\/p>\n<p>The components are machined from high-strength AL-7075 aluminum alloy. This tough and fatigue resistant material results in lighter weight mounts without a compromise in strength. The black anodized surface finish on the components is tough and abrasion-resistant.<\/p>\n<p><em>QDP35R is not user-serviceable, and the rings are not removable.<\/em><\/p>\n","protected":false},"featured_media":1586,"comment_status":"open","ping_status":"closed","template":"","meta":[],"product_brand":[],"product_cat":[36],"product_tag":[49],"class_list":{"0":"post-950","1":"product","2":"type-product","3":"status-publish","4":"has-post-thumbnail","6":"product_cat-rifle-accessories","7":"product_tag-tikka-en","8":"product_shipping_class-asetekniset-varusteet-tl","9":"description-off","11":"first","12":"instock","13":"featured","14":"taxable","15":"shipping-taxable","16":"purchasable","17":"product-type-variable"},"aioseo_notices":[],"_links":{"self":[{"href":"https:\/\/www.masina-tuote.com\/index.php?rest_route=\/wp\/v2\/product\/950","targetHints":{"allow":["GET"]}}],"collection":[{"href":"https:\/\/www.masina-tuote.com\/index.php?rest_route=\/wp\/v2\/product"}],"about":[{"href":"https:\/\/www.masina-tuote.com\/index.php?rest_route=\/wp\/v2\/types\/product"}],"replies":[{"embeddable":true,"href":"https:\/\/www.masina-tuote.com\/index.php?rest_route=%2Fwp%2Fv2%2Fcomments&post=950"}],"wp:featuredmedia":[{"embeddable":true,"href":"https:\/\/www.masina-tuote.com\/index.php?rest_route=\/wp\/v2\/media\/1586"}],"wp:attachment":[{"href":"https:\/\/www.masina-tuote.com\/index.php?rest_route=%2Fwp%2Fv2%2Fmedia&parent=950"}],"wp:term":[{"taxonomy":"product_brand","embeddable":true,"href":"https:\/\/www.masina-tuote.com\/index.php?rest_route=%2Fwp%2Fv2%2Fproduct_brand&post=950"},{"taxonomy":"product_cat","embeddable":true,"href":"https:\/\/www.masina-tuote.com\/index.php?rest_route=%2Fwp%2Fv2%2Fproduct_cat&post=950"},{"taxonomy":"product_tag","embeddable":true,"href":"https:\/\/www.masina-tuote.com\/index.php?rest_route=%2Fwp%2Fv2%2Fproduct_tag&post=950"}],"curies":[{"name":"wp","href":"https:\/\/api.w.org\/{rel}","templated":true}]}}