{"id":85,"date":"2015-01-13T08:46:13","date_gmt":"2015-01-13T06:46:13","guid":{"rendered":"http:\/\/www.masina-tuote.com\/?post_type=product&#038;p=85"},"modified":"2024-09-30T14:12:14","modified_gmt":"2024-09-30T11:12:14","slug":"tangonvetolaite","status":"publish","type":"product","link":"https:\/\/www.masina-tuote.com\/?product=tangonvetolaite","title":{"rendered":"Tangonvetolaite BG50"},"content":{"rendered":"<div class=\"wpb-content-wrapper\"><p>[vc_row][vc_column width=&#8221;2\/3&#8243;][vc_column_text]<strong>BG 50 (10-68)mm<\/strong><\/p>\n<ol>\n<li>Ty\u00f6kalun asema X, Z kun l\u00e4hdet\u00e4\u00e4n hakemaan uutta aihion pituutta L<\/li>\n<li>Ajetaan pikaliikkeell\u00e4 ty\u00f6kalu asemaan 2 niin, ett\u00e4 haluttu osa vetorissojen leveydest\u00e4 B on vedett\u00e4v\u00e4n aihion p\u00e4\u00e4ll\u00e4. Vetorissat eiv\u00e4t saa t\u00e4ss\u00e4 vaiheessa koskettaa aihiota<\/li>\n<li>Ajetaan sy\u00f6tt\u00f6liikkeell\u00e4 (nopea) ty\u00f6kalu asemaan X=0. T\u00e4ll\u00f6in vetorissojen hammasuritettu ulkopinta puristaa jousivoimalla aihion ulkopintaa. Istukka auki.<\/li>\n<li>Siirret\u00e4\u00e4n nopealla sy\u00f6tt\u00f6liikkeell\u00e4 (3000&#8230; 5000 mm\/ min) ty\u00f6kalua suunnassa Z mitan L verran. Istukka kiinni.<\/li>\n<li>Ajetaan pikaliikkeell\u00e4 ty\u00f6kalu l\u00e4ht\u00f6asemaan suunnassa X.<\/li>\n<li>Ty\u00f6st\u00f6prosessi. Huomioitavaa: Vetorissoja on nelj\u00e4 paria, ensimm\u00e4inen pari aihion halkaisijoille 10-26 mm, toinen halkaisijoille 18-36 mm, kolmas pari halkaisijoille 33-51 mm ja nelj\u00e4s halkaisijoille 49-68 mm. Vetorissojen asema s\u00e4\u00e4det\u00e4\u00e4n 5 mm kuusiokolo-avaimella. Kaikki tummat osat ovat nitrattuja. N\u00e4in on saavutettu suuri kovuus ja kulutuskest\u00e4vyys.<\/li>\n<\/ol>\n<p>[\/vc_column_text][vc_column_text]<strong>Erityist\u00e4:<\/strong><br \/>\nSiirrett\u00e4ess\u00e4 ty\u00f6kalua suunnassa X siten, ett\u00e4 ty\u00f6kalun runko t\u00f6rm\u00e4\u00e4 esim. aihion p\u00e4\u00e4h\u00e4n, luistaa ty\u00f6kalun runko johdettaan pitkin paikaltaan pois eik\u00e4 laitteiden rikkoutumisvaaraa n\u00e4in ole. Ty\u00f6kalun runko saadaan takaisin paikalleen vapauttamalla kuulaa puristava jousivoima. Kun olet asettanut rungon kiinnityskaraan takaisin, muista kirist\u00e4\u00e4 kuulan jousivoima takaisin.<\/p>\n<p><strong>Masin ykk\u00f6sty\u00f6kalu<br \/>\n<\/strong><\/p>\n<p>T\u00e4m\u00e4 ty\u00f6kalu on tarkoitettu syrj\u00e4ytt\u00e4m\u00e4\u00e4n l\u00e4hes kaikki muut ty\u00f6kalut ja menetelm\u00e4t aihion siirt\u00e4miseksi NC-sorvissa:<\/p>\n<ul>\n<li>Laaja k\u00e4ytt\u00f6alue 10-68 mm ilman lis\u00e4kustannuksia<\/li>\n<li>Siirtomenetelm\u00e4st\u00e4 johtuen kalliita k\u00e4ytt\u00f6kustannuksia ei ole<\/li>\n<li>Aihion mukaan helppo ja nopea s\u00e4\u00e4dett\u00e4vyys<\/li>\n<li>Kaikki kulumisalttiitosat ovat nitrattuja, jolla on saavutettu suuri kulutuskest\u00e4vyys<\/li>\n<li>Rakenteessa on aihion t\u00f6rm\u00e4yssuoja vahinkokustannusten pienent\u00e4miseksi<\/li>\n<\/ul>\n<p><strong>Patentti no: EU 1870184<\/strong>[\/vc_column_text][\/vc_column][vc_column width=&#8221;1\/3&#8243;][vc_column_text]<img loading=\"lazy\" decoding=\"async\" class=\"alignnone size-medium wp-image-234\" src=\"http:\/\/www.masina-tuote.com\/wp-content\/uploads\/2015\/01\/t1-300x169.jpg\" alt=\"t1\" width=\"300\" height=\"169\" srcset=\"https:\/\/www.masina-tuote.com\/wp-content\/uploads\/2015\/01\/t1-300x169.jpg 300w, https:\/\/www.masina-tuote.com\/wp-content\/uploads\/2015\/01\/t1.jpg 315w\" sizes=\"auto, (max-width: 300px) 100vw, 300px\" \/> <img loading=\"lazy\" decoding=\"async\" class=\"alignnone size-medium wp-image-235\" src=\"http:\/\/www.masina-tuote.com\/wp-content\/uploads\/2015\/01\/t2-300x169.jpg\" alt=\"t2\" width=\"300\" height=\"169\" srcset=\"https:\/\/www.masina-tuote.com\/wp-content\/uploads\/2015\/01\/t2-300x169.jpg 300w, https:\/\/www.masina-tuote.com\/wp-content\/uploads\/2015\/01\/t2.jpg 315w\" sizes=\"auto, (max-width: 300px) 100vw, 300px\" \/> <img loading=\"lazy\" decoding=\"async\" class=\"alignnone size-medium wp-image-236\" src=\"http:\/\/www.masina-tuote.com\/wp-content\/uploads\/2015\/01\/t3-300x169.jpg\" alt=\"t3\" width=\"300\" height=\"169\" srcset=\"https:\/\/www.masina-tuote.com\/wp-content\/uploads\/2015\/01\/t3-300x169.jpg 300w, https:\/\/www.masina-tuote.com\/wp-content\/uploads\/2015\/01\/t3.jpg 315w\" sizes=\"auto, (max-width: 300px) 100vw, 300px\" \/> <img loading=\"lazy\" decoding=\"async\" class=\"alignnone size-medium wp-image-237\" src=\"http:\/\/www.masina-tuote.com\/wp-content\/uploads\/2015\/01\/t4-300x169.jpg\" alt=\"t4\" width=\"300\" height=\"169\" srcset=\"https:\/\/www.masina-tuote.com\/wp-content\/uploads\/2015\/01\/t4-300x169.jpg 300w, https:\/\/www.masina-tuote.com\/wp-content\/uploads\/2015\/01\/t4.jpg 315w\" sizes=\"auto, (max-width: 300px) 100vw, 300px\" \/>[\/vc_column_text][\/vc_column][\/vc_row]<\/p>\n<\/div>","protected":false},"excerpt":{"rendered":"<p>T\u00e4m\u00e4 ty\u00f6kalu on tarkoitettu syrj\u00e4ytt\u00e4m\u00e4\u00e4n l\u00e4hes kaikki muut ty\u00f6kalut ja menetelm\u00e4t aihion siirt\u00e4miseksi NC-sorvissa:<\/p>\n<ul>\n<li>Laaja k\u00e4ytt\u00f6alue 10-68 mm ilman lis\u00e4kustannuksia<\/li>\n<li>Siirtomenetelm\u00e4st\u00e4 johtuen kalliita k\u00e4ytt\u00f6kustannuksia ei ole<\/li>\n<li>Aihion mukaan helppo ja nopea s\u00e4\u00e4dett\u00e4vyys<\/li>\n<li>Kaikki kulumisalttiit osat ovat nitrattuja, jolla on saavutettu suuri kulutuskest\u00e4vyys<\/li>\n<li>Rakenteessa on aihion t\u00f6rm\u00e4yssuoja vahinkokustannusten pienent\u00e4miseksi<\/li>\n<\/ul>\n<p>Patentti no: EU 1870184<\/p>\n","protected":false},"featured_media":86,"comment_status":"open","ping_status":"closed","template":"","meta":[],"product_brand":[],"product_cat":[7],"product_tag":[55,54],"class_list":{"0":"post-85","1":"product","2":"type-product","3":"status-publish","4":"has-post-thumbnail","6":"product_cat-tangonvetolaitteet","7":"product_tag-bg50","8":"product_tag-tangonvetolaite","9":"product_shipping_class-tangonvetolaitteet-tl","10":"description-off","12":"first","13":"instock","14":"taxable","15":"shipping-taxable","16":"purchasable","17":"product-type-variable"},"aioseo_notices":[],"_links":{"self":[{"href":"https:\/\/www.masina-tuote.com\/index.php?rest_route=\/wp\/v2\/product\/85","targetHints":{"allow":["GET"]}}],"collection":[{"href":"https:\/\/www.masina-tuote.com\/index.php?rest_route=\/wp\/v2\/product"}],"about":[{"href":"https:\/\/www.masina-tuote.com\/index.php?rest_route=\/wp\/v2\/types\/product"}],"replies":[{"embeddable":true,"href":"https:\/\/www.masina-tuote.com\/index.php?rest_route=%2Fwp%2Fv2%2Fcomments&post=85"}],"wp:featuredmedia":[{"embeddable":true,"href":"https:\/\/www.masina-tuote.com\/index.php?rest_route=\/wp\/v2\/media\/86"}],"wp:attachment":[{"href":"https:\/\/www.masina-tuote.com\/index.php?rest_route=%2Fwp%2Fv2%2Fmedia&parent=85"}],"wp:term":[{"taxonomy":"product_brand","embeddable":true,"href":"https:\/\/www.masina-tuote.com\/index.php?rest_route=%2Fwp%2Fv2%2Fproduct_brand&post=85"},{"taxonomy":"product_cat","embeddable":true,"href":"https:\/\/www.masina-tuote.com\/index.php?rest_route=%2Fwp%2Fv2%2Fproduct_cat&post=85"},{"taxonomy":"product_tag","embeddable":true,"href":"https:\/\/www.masina-tuote.com\/index.php?rest_route=%2Fwp%2Fv2%2Fproduct_tag&post=85"}],"curies":[{"name":"wp","href":"https:\/\/api.w.org\/{rel}","templated":true}]}}