{"id":8424,"date":"2020-10-13T11:00:57","date_gmt":"2020-10-13T08:00:59","guid":{"rendered":"http:\/\/www.masina-tuote.com\/?post_type=product&#038;p=8424"},"modified":"2020-11-10T10:44:19","modified_gmt":"2020-11-10T08:44:19","slug":"qdp95rn-quick-detach-scope-mount","status":"publish","type":"product","link":"https:\/\/www.masina-tuote.com\/?product=qdp95rn-quick-detach-scope-mount&lang=en","title":{"rendered":"QDP95RN quick detach scope mount"},"content":{"rendered":"<p><strong>Technical Specifications<\/strong><\/p>\n<p>Length: 105mm<br \/>\nBase Height: 16mm<br \/>\nBase Weight: 164g<br \/>\nMaterial: Al-7075<br \/>\nRing size options: 25,4mm, 30mm, 34mm, 36mm and 40mm<br \/>\nManufacturer\u2019s material and construction warranty: 2 years<\/p>\n<p><strong>Ring specifications<\/strong><\/p>\n<table>\n<tbody>\n<tr>\n<td width=\"160\">Inside diameter (mm)<\/td>\n<td width=\"160\">Weight (g\/each)<\/td>\n<td width=\"160\">Crosshair height from the base bottom (mm)<\/td>\n<\/tr>\n<tr>\n<td width=\"160\">25,4<\/td>\n<td width=\"160\">23<\/td>\n<td width=\"160\">20,7<\/td>\n<\/tr>\n<tr>\n<td width=\"160\">30<\/td>\n<td width=\"160\">34<\/td>\n<td width=\"160\">21<\/td>\n<\/tr>\n<tr>\n<td width=\"160\">34<\/td>\n<td width=\"160\">41<\/td>\n<td width=\"160\">25<\/td>\n<\/tr>\n<tr>\n<td width=\"160\">36<\/td>\n<td width=\"160\">43<\/td>\n<td width=\"160\">25<\/td>\n<\/tr>\n<tr>\n<td width=\"160\">40<\/td>\n<td width=\"160\">50<\/td>\n<td width=\"160\">30<\/td>\n<\/tr>\n<\/tbody>\n<\/table>\n<p>&nbsp;<\/p>\n<p><strong>Reliability\/repeatability testing<\/strong><\/p>\n<p>Our QDP mounts were independently tested by Jarmo Siltanen, Jyv\u00e4skyl\u00e4, on 12-12-2018 at Rajam\u00e4ki rifle range in Jyv\u00e4skyl\u00e4, Finland.<\/p>\n<p>Caliber: .338 LM<br \/>\nPowder: Vihtavuori N570<br \/>\nProjectile: Lock Base 16,2 g<br \/>\nSpeed: 916 m\/s<br \/>\nEnergy: approx. 7000J<\/p>\n","protected":false},"excerpt":{"rendered":"<p>QDP95RN is the latest design in our line-up of Picatinny mounts. It is designed to fit MIL-STD-1913 Picatinny rails and to accommodate heavy scopes (e.g. Swarowski ds5-25P, weighing 1060g) on the largest calibre rifles\u00a0 with Picatinny rail (e.g., Tikka T3x). It also features three (3) recoil stopper lugs to help absorb recoil energy from the large caliber rifles.<\/p>\n<p>The components are machined from high-strength AL-7075 aluminum alloy. This tough and fatigue resistant material results in lighter weight mounts without a compromise in strength. The black anodized surface finish on the components is tough and abrasion-resistant.<\/p>\n","protected":false},"featured_media":8438,"comment_status":"open","ping_status":"closed","template":"","meta":[],"product_brand":[],"product_cat":[36],"product_tag":[49],"class_list":{"0":"post-8424","1":"product","2":"type-product","3":"status-publish","4":"has-post-thumbnail","6":"product_cat-rifle-accessories","7":"product_tag-tikka-en","8":"product_shipping_class-asetekniset-varusteet-tl","9":"description-off","11":"first","12":"instock","13":"featured","14":"taxable","15":"shipping-taxable","16":"purchasable","17":"product-type-variable"},"aioseo_notices":[],"_links":{"self":[{"href":"https:\/\/www.masina-tuote.com\/index.php?rest_route=\/wp\/v2\/product\/8424","targetHints":{"allow":["GET"]}}],"collection":[{"href":"https:\/\/www.masina-tuote.com\/index.php?rest_route=\/wp\/v2\/product"}],"about":[{"href":"https:\/\/www.masina-tuote.com\/index.php?rest_route=\/wp\/v2\/types\/product"}],"replies":[{"embeddable":true,"href":"https:\/\/www.masina-tuote.com\/index.php?rest_route=%2Fwp%2Fv2%2Fcomments&post=8424"}],"wp:featuredmedia":[{"embeddable":true,"href":"https:\/\/www.masina-tuote.com\/index.php?rest_route=\/wp\/v2\/media\/8438"}],"wp:attachment":[{"href":"https:\/\/www.masina-tuote.com\/index.php?rest_route=%2Fwp%2Fv2%2Fmedia&parent=8424"}],"wp:term":[{"taxonomy":"product_brand","embeddable":true,"href":"https:\/\/www.masina-tuote.com\/index.php?rest_route=%2Fwp%2Fv2%2Fproduct_brand&post=8424"},{"taxonomy":"product_cat","embeddable":true,"href":"https:\/\/www.masina-tuote.com\/index.php?rest_route=%2Fwp%2Fv2%2Fproduct_cat&post=8424"},{"taxonomy":"product_tag","embeddable":true,"href":"https:\/\/www.masina-tuote.com\/index.php?rest_route=%2Fwp%2Fv2%2Fproduct_tag&post=8424"}],"curies":[{"name":"wp","href":"https:\/\/api.w.org\/{rel}","templated":true}]}}