{"id":8418,"date":"2020-10-13T11:00:57","date_gmt":"2020-10-13T08:00:57","guid":{"rendered":"http:\/\/www.masina-tuote.com\/?post_type=product&#038;p=8418"},"modified":"2024-09-30T14:12:13","modified_gmt":"2024-09-30T11:12:13","slug":"qdp95rn-pikavaihtojalusta","status":"publish","type":"product","link":"https:\/\/www.masina-tuote.com\/?product=qdp95rn-pikavaihtojalusta","title":{"rendered":"QDP95RN pikavaihtojalusta"},"content":{"rendered":"<p><strong>Mittatietoa<\/strong><\/p>\n<p>Pituus: 105mm<br \/>\nPaino: 164g<br \/>\nRaaka-aine: Al-7075<br \/>\nSopivat kiinnitysrenkaat: 25,4mm, 30mm, 34mm, 36mm ja 40mm<br \/>\nTakuu (raaka-aine ja valmistusvirheet): 2v<\/p>\n<p><strong>Kiinnitysrenkaiden mittatietoa<\/strong><\/p>\n<table>\n<tbody>\n<tr>\n<td width=\"160\">Kiinnitett\u00e4v\u00e4n lis\u00e4varusteen halkaisija (mm)<\/td>\n<td width=\"160\">Paino (g\/kpl)<\/td>\n<td width=\"160\">Ristikon korkeus renkaan\u00a0 pohjasta (mm)<\/td>\n<\/tr>\n<tr>\n<td width=\"160\">25,4<\/td>\n<td width=\"160\">23<\/td>\n<td width=\"160\">20,7<\/td>\n<\/tr>\n<tr>\n<td width=\"160\">30<\/td>\n<td width=\"160\">34<\/td>\n<td width=\"160\">21<\/td>\n<\/tr>\n<tr>\n<td width=\"160\">34<\/td>\n<td width=\"160\">41<\/td>\n<td width=\"160\">25<\/td>\n<\/tr>\n<tr>\n<td width=\"160\">36<\/td>\n<td width=\"160\">43<\/td>\n<td width=\"160\">25<\/td>\n<\/tr>\n<tr>\n<td width=\"160\">40<\/td>\n<td width=\"160\">50<\/td>\n<td width=\"160\">30<\/td>\n<\/tr>\n<\/tbody>\n<\/table>\n<p>&nbsp;<br \/>\n&nbsp;<br \/>\n<div style=\"width: 640px;\" class=\"wp-video\"><video class=\"wp-video-shortcode\" id=\"video-8418-1\" width=\"640\" height=\"360\" preload=\"metadata\" controls=\"controls\"><source type=\"video\/mp4\" src=\"http:\/\/www.masina-tuote.com\/wp-content\/uploads\/2020\/10\/Picatinny-Installation-Comp.mp4?_=1\" \/><a href=\"http:\/\/www.masina-tuote.com\/wp-content\/uploads\/2020\/10\/Picatinny-Installation-Comp.mp4\">http:\/\/www.masina-tuote.com\/wp-content\/uploads\/2020\/10\/Picatinny-Installation-Comp.mp4<\/a><\/video><\/div>\n","protected":false},"excerpt":{"rendered":"<p>QDP95RN-pikavaihtojalusta on uusin MIL-STD-1913 standardin mukaan valmistettuun Picatinny-kiskoon NATO-standardin mukaan kiinnittyv\u00e4 jalustamalli. Jalustassa on 3 kpl rekyylipalkkeja, joiden avulla jalusta kest\u00e4\u00e4 voimakkaimpien kiv\u00e4\u00e4riaseiden olkap\u00e4\u00e4h\u00e4n kohdistuvan liike-energian eli \u201dpotkun\u201d. Jo jalustan suunnitteluvaiheessa on huomioitu yh\u00e4 painavampien t\u00e4ht\u00e4inkiikareiden ja voimakkaampien patruunoiden jalustalle asettamat lujuusvaatimukset.<\/p>\n<p>Jalusta ja sen osat on valmistettu parhaasta seosalumiinista Al 7075, jonka lujuusominaisuuksia usein verrataan laadukkaisiin ter\u00e4ksiin. Jalustan ja kiinnitysrenkaiden j\u00e4lkik\u00e4sittely on anodisointi mustaksi, mik\u00e4 antaa kovan ja hankauskulutusta kest\u00e4v\u00e4n pinnan. Jalustan pituus on 105 mm. Paino t\u00e4ydellisen\u00e4 164 g.<\/p>\n","protected":false},"featured_media":8437,"comment_status":"open","ping_status":"closed","template":"","meta":[],"product_brand":[],"product_cat":[6],"product_tag":[96,91,90,8],"class_list":{"0":"post-8418","1":"product","2":"type-product","3":"status-publish","4":"has-post-thumbnail","6":"product_cat-asetekniset-varusteet","7":"product_tag-picatinny","8":"product_tag-pikavaihtojalusta","9":"product_tag-qdp","10":"product_tag-tikka","11":"product_shipping_class-asetekniset-varusteet-tl","12":"description-off","14":"first","15":"instock","16":"featured","17":"taxable","18":"shipping-taxable","19":"purchasable","20":"product-type-variable"},"aioseo_notices":[],"_links":{"self":[{"href":"https:\/\/www.masina-tuote.com\/index.php?rest_route=\/wp\/v2\/product\/8418","targetHints":{"allow":["GET"]}}],"collection":[{"href":"https:\/\/www.masina-tuote.com\/index.php?rest_route=\/wp\/v2\/product"}],"about":[{"href":"https:\/\/www.masina-tuote.com\/index.php?rest_route=\/wp\/v2\/types\/product"}],"replies":[{"embeddable":true,"href":"https:\/\/www.masina-tuote.com\/index.php?rest_route=%2Fwp%2Fv2%2Fcomments&post=8418"}],"wp:featuredmedia":[{"embeddable":true,"href":"https:\/\/www.masina-tuote.com\/index.php?rest_route=\/wp\/v2\/media\/8437"}],"wp:attachment":[{"href":"https:\/\/www.masina-tuote.com\/index.php?rest_route=%2Fwp%2Fv2%2Fmedia&parent=8418"}],"wp:term":[{"taxonomy":"product_brand","embeddable":true,"href":"https:\/\/www.masina-tuote.com\/index.php?rest_route=%2Fwp%2Fv2%2Fproduct_brand&post=8418"},{"taxonomy":"product_cat","embeddable":true,"href":"https:\/\/www.masina-tuote.com\/index.php?rest_route=%2Fwp%2Fv2%2Fproduct_cat&post=8418"},{"taxonomy":"product_tag","embeddable":true,"href":"https:\/\/www.masina-tuote.com\/index.php?rest_route=%2Fwp%2Fv2%2Fproduct_tag&post=8418"}],"curies":[{"name":"wp","href":"https:\/\/api.w.org\/{rel}","templated":true}]}}