{"id":28,"date":"2015-01-08T12:41:08","date_gmt":"2015-01-08T10:41:08","guid":{"rendered":"http:\/\/www.masina-tuote.com\/?post_type=product&#038;p=28"},"modified":"2024-09-30T14:12:14","modified_gmt":"2024-09-30T11:12:14","slug":"qd-tikka-m55","status":"publish","type":"product","link":"https:\/\/www.masina-tuote.com\/?product=qd-tikka-m55","title":{"rendered":"QDTikka M55 pikavaihtojalusta"},"content":{"rendered":"<p><iframe loading=\"lazy\" title=\"Tikka T3 Battue and MaSi scope mount\" width=\"1200\" height=\"675\" src=\"https:\/\/www.youtube.com\/embed\/onAk31V4CIs?feature=oembed\" frameborder=\"0\" allow=\"accelerometer; autoplay; clipboard-write; encrypted-media; gyroscope; picture-in-picture\" allowfullscreen><\/iframe><\/p>\n","protected":false},"excerpt":{"rendered":"<p>QDTikka M55 pikavaihtojalusta on yhteensopiva Tikka M55 mallien oikeak\u00e4tisten lukonkehysten kanssa.<\/p>\n<p>Hylsyaukon pituus ha = 73mm, h=15, Amax=71mm, Amin=53mm ja paino n. 180g. Tarkista kumpi n\u00e4ist\u00e4 (M55 vai M65) k\u00e4y sinun Tikka-kiv\u00e4\u00e4riisi! Toimitukseen kuuluu 2 kiinnitysrengasta, vararuuvit ja 3mm kuusiokoloavain.<\/p>\n<p>Paino n. 180 g.<\/p>\n","protected":false},"featured_media":120,"comment_status":"open","ping_status":"closed","template":"","meta":[],"product_brand":[],"product_cat":[6],"product_tag":[11,91,101,8],"class_list":{"0":"post-28","1":"product","2":"type-product","3":"status-publish","4":"has-post-thumbnail","6":"product_cat-asetekniset-varusteet","7":"product_tag-m55","8":"product_tag-pikavaihtojalusta","9":"product_tag-qdtikka","10":"product_tag-tikka","11":"product_shipping_class-asetekniset-varusteet-tl","12":"description-off","14":"first","15":"instock","16":"taxable","17":"shipping-taxable","18":"purchasable","19":"product-type-variable"},"aioseo_notices":[],"_links":{"self":[{"href":"https:\/\/www.masina-tuote.com\/index.php?rest_route=\/wp\/v2\/product\/28","targetHints":{"allow":["GET"]}}],"collection":[{"href":"https:\/\/www.masina-tuote.com\/index.php?rest_route=\/wp\/v2\/product"}],"about":[{"href":"https:\/\/www.masina-tuote.com\/index.php?rest_route=\/wp\/v2\/types\/product"}],"replies":[{"embeddable":true,"href":"https:\/\/www.masina-tuote.com\/index.php?rest_route=%2Fwp%2Fv2%2Fcomments&post=28"}],"wp:featuredmedia":[{"embeddable":true,"href":"https:\/\/www.masina-tuote.com\/index.php?rest_route=\/wp\/v2\/media\/120"}],"wp:attachment":[{"href":"https:\/\/www.masina-tuote.com\/index.php?rest_route=%2Fwp%2Fv2%2Fmedia&parent=28"}],"wp:term":[{"taxonomy":"product_brand","embeddable":true,"href":"https:\/\/www.masina-tuote.com\/index.php?rest_route=%2Fwp%2Fv2%2Fproduct_brand&post=28"},{"taxonomy":"product_cat","embeddable":true,"href":"https:\/\/www.masina-tuote.com\/index.php?rest_route=%2Fwp%2Fv2%2Fproduct_cat&post=28"},{"taxonomy":"product_tag","embeddable":true,"href":"https:\/\/www.masina-tuote.com\/index.php?rest_route=%2Fwp%2Fv2%2Fproduct_tag&post=28"}],"curies":[{"name":"wp","href":"https:\/\/api.w.org\/{rel}","templated":true}]}}