{"id":388,"date":"2015-01-28T11:04:54","date_gmt":"2015-01-28T09:04:54","guid":{"rendered":"http:\/\/www.masina-tuote.com\/?page_id=388"},"modified":"2020-02-17T14:04:40","modified_gmt":"2020-02-17T12:04:40","slug":"rifle-accessories","status":"publish","type":"page","link":"https:\/\/www.masina-tuote.com\/?page_id=388&lang=en","title":{"rendered":"Scope mounts"},"content":{"rendered":"<div class=\"wpb-content-wrapper\"><p>[vc_row][vc_column][vc_column_text]Our scope mounts are built to strict specifications and tight tolerances to ensure quality, fitment, and function. All of our Picatinny (QDP) and rifle mount bases are machined from high-strength AL-7075 aluminum alloy, using an innovative single mount milling process: Each mount base is milled from start to finish without removing the billet, resulting in consistent and accurate end-product.<\/p>\n<p>Precision machining together with our proven designs, high-quality materials, and quality black anodized surface finish ensure that our mounts operate reliably, function smoothly, and allow for fast removal and re-attachment of scopes or other accessories by the user. Once a scope has been zeroed-in for a given firearm, it can be removed and re-attached to it without loss of accuracy.<\/p>\n<p>The mounts are available in standard ring sizes to fit different diameter scopes and accessories. \u00a0As a result, two scopes mounted on our quick-detachment mounts makes a sighting system that is flexible, robust and reliable.[\/vc_column_text][\/vc_column][\/vc_row][vc_row][vc_column]<div class=\"gap\" style=\"line-height: 20px; height: 20px;\"><\/div><div class=\"hr-thin style-line\" style=\"width: 100%;border-top-width: 1px;\"><\/div><div class=\"gap\" style=\"line-height: 20px; height: 20px;\"><\/div>[\/vc_column][\/vc_row][vc_row][vc_column][vc_column_text]<\/p>\n<h2>Products<\/h2>\n<div class=\"woocommerce columns-3 \"><div class=\"wf-container dt-products  woo-hover products loading-effect-fade-in description-on-hover cart-btn-on-img hide-description\" data-padding=\"0px\" data-cur-page=\"1\" data-desktop-columns-num=\"4\" data-v-tablet-columns-num=\"2\" data-h-tablet-columns-num=\"3\" data-phone-columns-num=\"1\">\n\n<article class=\"post visible description-off product type-product post-8418 status-publish first instock product_cat-asetekniset-varusteet product_tag-picatinny product_tag-pikavaihtojalusta product_tag-qdp product_tag-tikka has-post-thumbnail featured taxable shipping-taxable purchasable product-type-variable\">\n\n\t<figure class=\"woocom-project\">\n\t<div class=\"woo-buttons-on-img\">\n\n\t\t<a href=\"https:\/\/www.masina-tuote.com\/?product=qdp95rn-pikavaihtojalusta\" class=\"alignnone layzr-bg\"><img loading=\"lazy\" decoding=\"async\" width=\"150\" height=\"150\" src=\"data:image\/svg+xml;charset=utf-8,%3Csvg xmlns%3D&#039;http%3A%2F%2Fwww.w3.org%2F2000%2Fsvg&#039; viewBox%3D&#039;0 0 150 150&#039;%2F%3E\" class=\"attachment-woocommerce_thumbnail size-woocommerce_thumbnail lazy-load preload-me\" alt=\"QDP95RN pikavaihtojalusta\" data-src=\"https:\/\/www.masina-tuote.com\/wp-content\/uploads\/2020\/10\/QDP95RN-150x150.jpg\" data-srcset=\"https:\/\/www.masina-tuote.com\/wp-content\/uploads\/2020\/10\/QDP95RN-150x150.jpg 150w, https:\/\/www.masina-tuote.com\/wp-content\/uploads\/2020\/10\/QDP95RN-300x300.jpg 300w, https:\/\/www.masina-tuote.com\/wp-content\/uploads\/2020\/10\/QDP95RN-200x200.jpg 200w, https:\/\/www.masina-tuote.com\/wp-content\/uploads\/2020\/10\/QDP95RN.jpg 600w\" \/><\/a>\n\t<\/div>\n\t<figcaption class=\"woocom-list-content\">\n\n\t\t<div class=\"woocommerce-product-details__short-description\">\n\t<p>QDP95RN-pikavaihtojalusta on uusin MIL-STD-1913 standardin mukaan valmistettuun Picatinny-kiskoon NATO-standardin mukaan kiinnittyv\u00e4 jalustamalli. Jalustassa on 3 kpl rekyylipalkkeja, joiden avulla jalusta kest\u00e4\u00e4 voimakkaimpien kiv\u00e4\u00e4riaseiden olkap\u00e4\u00e4h\u00e4n kohdistuvan liike-energian eli \u201dpotkun\u201d. Jo jalustan suunnitteluvaiheessa on huomioitu yh\u00e4 painavampien t\u00e4ht\u00e4inkiikareiden ja voimakkaampien patruunoiden jalustalle asettamat lujuusvaatimukset.<\/p>\n<p>Jalusta ja sen osat on valmistettu parhaasta seosalumiinista Al 7075, jonka lujuusominaisuuksia usein verrataan laadukkaisiin ter\u00e4ksiin. Jalustan ja kiinnitysrenkaiden j\u00e4lkik\u00e4sittely on anodisointi mustaksi, mik\u00e4 antaa kovan ja hankauskulutusta kest\u00e4v\u00e4n pinnan. Jalustan pituus on 105 mm. Paino t\u00e4ydellisen\u00e4 164 g.<\/p>\n<\/div>\n\n\t<\/figcaption>\n<\/figure>\n\n<\/article>\n\n\n\n<article class=\"post visible description-off product type-product post-8401 status-publish instock product_cat-asetekniset-varusteet product_tag-picatinny product_tag-pikavaihtojalusta product_tag-qdp product_tag-tikka has-post-thumbnail featured taxable shipping-taxable purchasable product-type-variable\">\n\n\t<figure class=\"woocom-project\">\n\t<div class=\"woo-buttons-on-img\">\n\n\t\t<a href=\"https:\/\/www.masina-tuote.com\/?product=qdp95r-pikavaihtojalusta\" class=\"alignnone layzr-bg\"><img loading=\"lazy\" decoding=\"async\" width=\"150\" height=\"150\" src=\"data:image\/svg+xml;charset=utf-8,%3Csvg xmlns%3D&#039;http%3A%2F%2Fwww.w3.org%2F2000%2Fsvg&#039; viewBox%3D&#039;0 0 150 150&#039;%2F%3E\" class=\"attachment-woocommerce_thumbnail size-woocommerce_thumbnail lazy-load preload-me\" alt=\"QDP95R pikavaihtojalusta\" data-src=\"https:\/\/www.masina-tuote.com\/wp-content\/uploads\/2020\/10\/QDP95R-150x150.jpg\" data-srcset=\"https:\/\/www.masina-tuote.com\/wp-content\/uploads\/2020\/10\/QDP95R-150x150.jpg 150w, https:\/\/www.masina-tuote.com\/wp-content\/uploads\/2020\/10\/QDP95R-300x300.jpg 300w, https:\/\/www.masina-tuote.com\/wp-content\/uploads\/2020\/10\/QDP95R-200x200.jpg 200w, https:\/\/www.masina-tuote.com\/wp-content\/uploads\/2020\/10\/QDP95R.jpg 600w\" \/><\/a>\n\t<\/div>\n\t<figcaption class=\"woocom-list-content\">\n\n\t\t<div class=\"woocommerce-product-details__short-description\">\n\t<p>QDP95R-pikavaihtojalusta on suunniteltu kiinnitett\u00e4v\u00e4ksi standardin MIL-STD-1913 mukaan valmistettuun Picatinny &#8211; kiskoon ja kiinnittym\u00e4\u00e4n siihen NATO-standardin mukaan. Jalusta ja sen osat on valmistettu parhaasta seosalumiinista Al 7075, jonka lujuusominaisuuksia usein verrataan laadukkaisiin ter\u00e4ksiin. Jalustan ja kiinnitysrenkaiden j\u00e4lkik\u00e4sittely on anodisointi mustaksi, mik\u00e4 antaa kovan ja hankauskulutusta kest\u00e4v\u00e4n pinnan. Jalustan pituus on 95 mm. Paino t\u00e4ydellisen\u00e4 169 g.<\/p>\n<\/div>\n\n\t<\/figcaption>\n<\/figure>\n\n<\/article>\n\n\n\n<article class=\"post visible description-off product type-product post-896 status-publish last instock product_cat-asetekniset-varusteet product_tag-picatinny product_tag-pikavaihtojalusta product_tag-qdp product_tag-tikka has-post-thumbnail featured taxable shipping-taxable purchasable product-type-variable\">\n\n\t<figure class=\"woocom-project\">\n\t<div class=\"woo-buttons-on-img\">\n\n\t\t<a href=\"https:\/\/www.masina-tuote.com\/?product=qdp45r\" class=\"alignnone layzr-bg\"><img loading=\"lazy\" decoding=\"async\" width=\"150\" height=\"150\" src=\"data:image\/svg+xml;charset=utf-8,%3Csvg xmlns%3D&#039;http%3A%2F%2Fwww.w3.org%2F2000%2Fsvg&#039; viewBox%3D&#039;0 0 150 150&#039;%2F%3E\" class=\"attachment-woocommerce_thumbnail size-woocommerce_thumbnail lazy-load preload-me\" alt=\"QDP45R pikavaihtojalusta\" data-src=\"https:\/\/www.masina-tuote.com\/wp-content\/uploads\/2019\/06\/QDP45R-150x150.jpg\" data-srcset=\"https:\/\/www.masina-tuote.com\/wp-content\/uploads\/2019\/06\/QDP45R-150x150.jpg 150w, https:\/\/www.masina-tuote.com\/wp-content\/uploads\/2019\/06\/QDP45R-200x200.jpg 200w\" \/><\/a>\n\t<\/div>\n\t<figcaption class=\"woocom-list-content\">\n\n\t\t<div class=\"woocommerce-product-details__short-description\">\n\t<p>QDP45R-pikavaihtojalusta on suunniteltu kiinnitett\u00e4v\u00e4ksi MIL-STD-1913 standardin mukaan valmistetuille Picatinny-kiskolla varustetuille, suurikaliiperisille ja tehokkaille kiv\u00e4\u00e4riaseille, kuten Tikka T3x uutuuskiv\u00e4\u00e4rille, ja painaville t\u00e4ht\u00e4inkiikareille, kuten Swarovski ds 5-25&#215;52 P, jonka paino ilman jalustaa on 1060 g.<\/p>\n<p>Jalusta ja sen osat on valmistettu parhaasta AL-7075 seosalumiinista, jonka lujuusominaisuuksia on usein verrattu laadukkaisiin ter\u00e4ksiin. T\u00e4m\u00e4 raaka-aine mahdollistaa jalustan muotoilun kevyemm\u00e4ksi k\u00e4ytt\u00f6lujuuden siit\u00e4 kuitenkaan k\u00e4rsim\u00e4tt\u00e4. Musta anodisointi tuo jalustaan ja kiinnitysrenkaisiin kovan ja hankauskulutusta kest\u00e4v\u00e4n pinnan.<\/p>\n<p><em>T\u00e4m\u00e4 malli on purettava, ja kiinnitysrenkaiden vaihto k\u00e4y helposti.<\/em><\/p>\n<\/div>\n\n\t<\/figcaption>\n<\/figure>\n\n<\/article>\n\n\n\n<article class=\"post visible description-off product type-product post-890 status-publish first instock product_cat-asetekniset-varusteet product_tag-picatinny product_tag-pikavaihtojalusta product_tag-qdp product_tag-tikka has-post-thumbnail featured taxable shipping-taxable purchasable product-type-variable\">\n\n\t<figure class=\"woocom-project\">\n\t<div class=\"woo-buttons-on-img\">\n\n\t\t<a href=\"https:\/\/www.masina-tuote.com\/?product=qdp35r\" class=\"alignnone layzr-bg\"><img loading=\"lazy\" decoding=\"async\" width=\"150\" height=\"150\" src=\"data:image\/svg+xml;charset=utf-8,%3Csvg xmlns%3D&#039;http%3A%2F%2Fwww.w3.org%2F2000%2Fsvg&#039; viewBox%3D&#039;0 0 150 150&#039;%2F%3E\" class=\"attachment-woocommerce_thumbnail size-woocommerce_thumbnail lazy-load preload-me\" alt=\"QDP35R pikavaihtojalusta\" data-src=\"https:\/\/www.masina-tuote.com\/wp-content\/uploads\/2019\/06\/QDP35R-150x150.jpg\" data-srcset=\"https:\/\/www.masina-tuote.com\/wp-content\/uploads\/2019\/06\/QDP35R-150x150.jpg 150w, https:\/\/www.masina-tuote.com\/wp-content\/uploads\/2019\/06\/QDP35R-200x200.jpg 200w\" \/><\/a>\n\t<\/div>\n\t<figcaption class=\"woocom-list-content\">\n\n\t\t<div class=\"woocommerce-product-details__short-description\">\n\t<p>QDP35R-pikavaihtojalusta on suunniteltu kiinnitett\u00e4v\u00e4ksi MIL-STD-1913 standardin mukaan valmistetuille Picatinny-kiskolla varustetuille, suurikaliiperisille ja tehokkaille kiv\u00e4\u00e4riaseille, kuten Tikka T3x uutuuskiv\u00e4\u00e4rille, ja painaville t\u00e4ht\u00e4inkiikareille kuten Swarovski dS 5-25&#215;52 P, jonka paino ilman jalustaa on 1060 g.<\/p>\n<p>Jalusta ja sen osat on valmistettu parhaasta AL-7075 seosalumiinista, jonka lujuusominaisuuksia on usein verrattu laadukkaisiin ter\u00e4ksiin. T\u00e4m\u00e4 raaka-aine mahdollistaa jalustan muotoilun kevyemm\u00e4ksi k\u00e4ytt\u00f6lujuuden siit\u00e4 kuitenkaan k\u00e4rsim\u00e4tt\u00e4. Musta anodisointi tuo jalustaan ja kiinnitysrenkaisiin kovan ja hankauskulutusta kest\u00e4v\u00e4n pinnan.<\/p>\n<p><em>T\u00e4m\u00e4 malli ei ole purettava, eli kiinnitysrenkaiden vaihto ei ole mahdollista.<\/em><\/p>\n<\/div>\n\n\t<\/figcaption>\n<\/figure>\n\n<\/article>\n\n\n\n<article class=\"post visible description-off product type-product post-884 status-publish instock product_cat-asetekniset-varusteet product_tag-picatinny product_tag-pikavaihtojalusta product_tag-qdt product_tag-tikka has-post-thumbnail featured taxable shipping-taxable purchasable product-type-variable\">\n\n\t<figure class=\"woocom-project\">\n\t<div class=\"woo-buttons-on-img\">\n\n\t\t<a href=\"https:\/\/www.masina-tuote.com\/?product=qdt17rl\" class=\"alignnone layzr-bg\"><img loading=\"lazy\" decoding=\"async\" width=\"150\" height=\"150\" src=\"data:image\/svg+xml;charset=utf-8,%3Csvg xmlns%3D&#039;http%3A%2F%2Fwww.w3.org%2F2000%2Fsvg&#039; viewBox%3D&#039;0 0 150 150&#039;%2F%3E\" class=\"attachment-woocommerce_thumbnail size-woocommerce_thumbnail lazy-load preload-me\" alt=\"QDT17 R\/L pikavaihtojalusta\" data-src=\"https:\/\/www.masina-tuote.com\/wp-content\/uploads\/2019\/06\/QDT17_black-150x150.jpg\" data-srcset=\"https:\/\/www.masina-tuote.com\/wp-content\/uploads\/2019\/06\/QDT17_black-150x150.jpg 150w, https:\/\/www.masina-tuote.com\/wp-content\/uploads\/2019\/06\/QDT17_black-200x200.jpg 200w\" \/><\/a>\n\t<\/div>\n\t<figcaption class=\"woocom-list-content\">\n\n\t\t<div class=\"woocommerce-product-details__short-description\">\n\t<p>QDT17 R\/L-pikavaihtojalusta on tarkoitettu Tikka T3 kiv\u00e4\u00e4riaseille, joissa on lis\u00e4varusteiden kiinnitykseen tarkoitettu 17 mm:n suora kisko. R\/L- mallin jalusta sopii sek\u00e4 vasen- ett\u00e4 oikeak\u00e4tiseen lukonkehykseen. T\u00e4m\u00e4 jalusta on my\u00f6s yhteensopiva Lynx-kiv\u00e4\u00e4rien lukonkehykseen, jossa rekyylitopparin lovi on lukonkehyksen takap\u00e4\u00e4ss\u00e4. J\u00e4lleenmyyj\u00e4n ei en\u00e4\u00e4 tarvitse erikseen varastoida vasen- ja oikeak\u00e4tist\u00e4 pikavaihtojalustaa Tikka T3- ja Lynx-kiv\u00e4\u00e4reihin.<\/p>\n<p>Kaikki pikavaihtojalustojen rungot ovat koneistettu alusta loppuun yhdell\u00e4 kiinnityksell\u00e4. T\u00e4ll\u00e4 taataan kiinnityksen toistuvuustarkkuus irrotuksen ja jalustan uudelleenkiinnityksen j\u00e4lkeen.<\/p>\n<p>Jalustojen sormiruuvien kiristykseen ei pid\u00e4 k\u00e4ytt\u00e4\u00e4 ty\u00f6kalua. Pelkk\u00e4 sormivoima riitt\u00e4\u00e4. K\u00e4yt\u00e4 jalustojen ruuvien voiteluun valumatonta rasvaa.<\/p>\n<p>Tapahtuneen tuotekehityksen vuoksi t\u00e4m\u00e4 jalusta korvaa <a href=\"http:\/\/www.masina-tuote.com\/?product=qd-tikka-t3\">Tikka T3 mallin pikavaihtojalustan<\/a>.<\/p>\n<\/div>\n\n\t<\/figcaption>\n<\/figure>\n\n<\/article>\n\n\n\n<article class=\"post visible description-off product type-product post-551 status-publish last instock product_cat-asetekniset-varusteet product_tag-brno product_tag-cz product_tag-pikavaihtojalusta product_tag-qdr product_tag-rihlakko product_tag-taiga product_tag-tikka-07 product_tag-valmet has-post-thumbnail featured taxable shipping-taxable purchasable product-type-variable\">\n\n\t<figure class=\"woocom-project\">\n\t<div class=\"woo-buttons-on-img\">\n\n\t\t<a href=\"https:\/\/www.masina-tuote.com\/?product=qdr11\" class=\"alignnone layzr-bg\"><img loading=\"lazy\" decoding=\"async\" width=\"150\" height=\"150\" src=\"data:image\/svg+xml;charset=utf-8,%3Csvg xmlns%3D&#039;http%3A%2F%2Fwww.w3.org%2F2000%2Fsvg&#039; viewBox%3D&#039;0 0 150 150&#039;%2F%3E\" class=\"attachment-woocommerce_thumbnail size-woocommerce_thumbnail lazy-load preload-me\" alt=\"QDR11 pikavaihtojalusta\" data-src=\"https:\/\/www.masina-tuote.com\/wp-content\/uploads\/2015\/10\/qdr11-150x150.jpg\" \/><\/a>\n\t<\/div>\n\t<figcaption class=\"woocom-list-content\">\n\n\t\t<div class=\"woocommerce-product-details__short-description\">\n\t<p>QDR11 pikavaihtojalusta on suunniteltu rihlakoille kuten Valmet, Tikka 07, CZ, BRNO ja Taiga. Se on yhteensopiva 11 mm yhten\u00e4iselle suoralle kiinnityskiskolle, jonka yl\u00e4pinta on suora.<\/p>\n<p class=\"p1\">Jalustan kiinnityspituus on 60 mm. Rekyylitopparin paikka on 18mm kiinnityspituuden p\u00e4\u00e4st\u00e4 mitattuna. h = 12mm, A = 57mm, paino = n. 120g.<\/p>\n<\/div>\n\n\t<\/figcaption>\n<\/figure>\n\n<\/article>\n\n\n\n<article class=\"post visible description-off product type-product post-8941 status-publish first instock product_cat-asetekniset-varusteet product_tag-cz product_tag-cz550 product_tag-pikavaihtojalusta has-post-thumbnail taxable shipping-taxable purchasable product-type-variable\">\n\n\t<figure class=\"woocom-project\">\n\t<div class=\"woo-buttons-on-img\">\n\n\t\t<a href=\"https:\/\/www.masina-tuote.com\/?product=cz550-rl-pikavaihtojalusta\" class=\"alignnone layzr-bg\"><img loading=\"lazy\" decoding=\"async\" width=\"150\" height=\"150\" src=\"data:image\/svg+xml;charset=utf-8,%3Csvg xmlns%3D&#039;http%3A%2F%2Fwww.w3.org%2F2000%2Fsvg&#039; viewBox%3D&#039;0 0 150 150&#039;%2F%3E\" class=\"attachment-woocommerce_thumbnail size-woocommerce_thumbnail lazy-load preload-me\" alt=\"CZ550 RL pikavaihtojalusta\" data-src=\"https:\/\/www.masina-tuote.com\/wp-content\/uploads\/2015\/01\/tikka_t3-400px-150x150.jpg\" data-srcset=\"https:\/\/www.masina-tuote.com\/wp-content\/uploads\/2015\/01\/tikka_t3-400px-150x150.jpg 150w, https:\/\/www.masina-tuote.com\/wp-content\/uploads\/2015\/01\/tikka_t3-400px-200x200.jpg 200w, https:\/\/www.masina-tuote.com\/wp-content\/uploads\/2015\/01\/tikka_t3-400px-300x300.jpg 300w, https:\/\/www.masina-tuote.com\/wp-content\/uploads\/2015\/01\/tikka_t3-400px.jpg 400w\" \/><\/a>\n\t<\/div>\n\t<figcaption class=\"woocom-list-content\">\n\n\t\t<div class=\"woocommerce-product-details__short-description\">\n\t<p>CZ550 RL pikavaihtojalusta on CZ550 kiv\u00e4\u00e4rille tarkoitettu alkuper\u00e4inen pikavaihtojalusta. R\/L mallin jalusta sopii sek\u00e4 vasen, ett\u00e4 oikeak\u00e4tiseen lukonkehykseen ja se on l\u00e4hes samanlainen kuin <a href=\"http:\/\/www.masina-tuote.com\/?product=qd-tikka-t3\">QTikka T3<\/a> mutta rekyylivastin ja jalustan leveys (19mm) on erilainen. h=15mm, Amax=103mm, Amin=57mm, paino n 176g. Toimitukseen kuuluu 2 kiinnitysrengasta, vararuuvit ja 3mm kuusiokoloavain.<\/p>\n<\/div>\n\n\t<\/figcaption>\n<\/figure>\n\n<\/article>\n\n\n\n<article class=\"post visible description-off product type-product post-12289 status-publish instock product_cat-asetekniset-varusteet product_tag-pikavaihtojalusta product_tag-qdtikka product_tag-tikka-t3 has-post-thumbnail taxable shipping-taxable purchasable product-type-variable\">\n\n\t<figure class=\"woocom-project\">\n\t<div class=\"woo-buttons-on-img\">\n\n\t\t<a href=\"https:\/\/www.masina-tuote.com\/?product=tikka-t3-pikavaihtojalusta\" class=\"alignnone layzr-bg\"><img loading=\"lazy\" decoding=\"async\" width=\"150\" height=\"150\" src=\"data:image\/svg+xml;charset=utf-8,%3Csvg xmlns%3D&#039;http%3A%2F%2Fwww.w3.org%2F2000%2Fsvg&#039; viewBox%3D&#039;0 0 150 150&#039;%2F%3E\" class=\"attachment-woocommerce_thumbnail size-woocommerce_thumbnail lazy-load preload-me\" alt=\"Tikka T3 pikavaihtojalusta\" data-src=\"https:\/\/www.masina-tuote.com\/wp-content\/uploads\/2015\/01\/tikka_t3-400px-150x150.jpg\" data-srcset=\"https:\/\/www.masina-tuote.com\/wp-content\/uploads\/2015\/01\/tikka_t3-400px-150x150.jpg 150w, https:\/\/www.masina-tuote.com\/wp-content\/uploads\/2015\/01\/tikka_t3-400px-200x200.jpg 200w, https:\/\/www.masina-tuote.com\/wp-content\/uploads\/2015\/01\/tikka_t3-400px-300x300.jpg 300w, https:\/\/www.masina-tuote.com\/wp-content\/uploads\/2015\/01\/tikka_t3-400px.jpg 400w\" \/><\/a>\n\t<\/div>\n\t<figcaption class=\"woocom-list-content\">\n\n\t\t<div class=\"woocommerce-product-details__short-description\">\n\t<p>QD Tikka T3 pikavaihtojalusta on l\u00e4hes samanlainen kuin CZ550 mutta rekyylivastin ja jalustan leveys on erilainen.<\/p>\n<p>h=15mm, Amax=103mm, Amin=57mm. Jalustan pituus: 137mm ja paino n 180g. Toimitukseen kuuluu 2 kiinnitysrengasta, vararuuvit.<\/p>\n<\/div>\n\n\t<\/figcaption>\n<\/figure>\n\n<\/article>\n\n\n\n<article class=\"post visible description-off product type-product post-27 status-publish last outofstock product_cat-asetekniset-varusteet product_tag-m65 product_tag-pikavaihtojalusta product_tag-qdtikka product_tag-tikka has-post-thumbnail taxable shipping-taxable purchasable product-type-variable\">\n\n\t<figure class=\"woocom-project\">\n\t<div class=\"woo-buttons-on-img\">\n\n\t\t<a href=\"https:\/\/www.masina-tuote.com\/?product=qd-tikka-m65\" class=\"alignnone layzr-bg\"><img loading=\"lazy\" decoding=\"async\" width=\"150\" height=\"150\" src=\"data:image\/svg+xml;charset=utf-8,%3Csvg xmlns%3D&#039;http%3A%2F%2Fwww.w3.org%2F2000%2Fsvg&#039; viewBox%3D&#039;0 0 150 150&#039;%2F%3E\" class=\"attachment-woocommerce_thumbnail size-woocommerce_thumbnail lazy-load preload-me\" alt=\"QDTikka M65 pikavaihtojalusta\" data-src=\"https:\/\/www.masina-tuote.com\/wp-content\/uploads\/2015\/01\/tikka_t65-400px-150x150.jpg\" data-srcset=\"https:\/\/www.masina-tuote.com\/wp-content\/uploads\/2015\/01\/tikka_t65-400px-150x150.jpg 150w, https:\/\/www.masina-tuote.com\/wp-content\/uploads\/2015\/01\/tikka_t65-400px-200x200.jpg 200w, https:\/\/www.masina-tuote.com\/wp-content\/uploads\/2015\/01\/tikka_t65-400px-300x300.jpg 300w, https:\/\/www.masina-tuote.com\/wp-content\/uploads\/2015\/01\/tikka_t65-400px.jpg 400w\" \/><\/a><span class=\"out-stock-label\">Out of stock<\/span>\n\t<\/div>\n\t<figcaption class=\"woocom-list-content\">\n\n\t\t<div class=\"woocommerce-product-details__short-description\">\n\t<p>QDTikka M65 pikavaihtojalusta on yhteensopiva Tikka M65 mallien oikeak\u00e4tisten lukonkehysten kanssa.<\/p>\n<p>Hylsyaukon pituus ha = 89mm, h=15mm, Amax=87mm, Amin=69mm, paino n. 180g. Tarkista kumpi n\u00e4ist\u00e4 (M55 vai M65) k\u00e4y sinun Tikka-kiv\u00e4\u00e4riisi! Toimitukseen kuuluu 2 kiinnitysrengasta, vararuuvit ja 3mm kuusiokoloavain.<\/p>\n<\/div>\n\n\t<\/figcaption>\n<\/figure>\n\n<\/article>\n\n\n\n<article class=\"post visible description-off product type-product post-28 status-publish first instock product_cat-asetekniset-varusteet product_tag-m55 product_tag-pikavaihtojalusta product_tag-qdtikka product_tag-tikka has-post-thumbnail taxable shipping-taxable purchasable product-type-variable\">\n\n\t<figure class=\"woocom-project\">\n\t<div class=\"woo-buttons-on-img\">\n\n\t\t<a href=\"https:\/\/www.masina-tuote.com\/?product=qd-tikka-m55\" class=\"alignnone layzr-bg\"><img loading=\"lazy\" decoding=\"async\" width=\"150\" height=\"150\" src=\"data:image\/svg+xml;charset=utf-8,%3Csvg xmlns%3D&#039;http%3A%2F%2Fwww.w3.org%2F2000%2Fsvg&#039; viewBox%3D&#039;0 0 150 150&#039;%2F%3E\" class=\"attachment-woocommerce_thumbnail size-woocommerce_thumbnail lazy-load preload-me\" alt=\"QDTikka M55 pikavaihtojalusta\" data-src=\"https:\/\/www.masina-tuote.com\/wp-content\/uploads\/2015\/01\/tikka_t65-400px-150x150.jpg\" data-srcset=\"https:\/\/www.masina-tuote.com\/wp-content\/uploads\/2015\/01\/tikka_t65-400px-150x150.jpg 150w, https:\/\/www.masina-tuote.com\/wp-content\/uploads\/2015\/01\/tikka_t65-400px-200x200.jpg 200w, https:\/\/www.masina-tuote.com\/wp-content\/uploads\/2015\/01\/tikka_t65-400px-300x300.jpg 300w, https:\/\/www.masina-tuote.com\/wp-content\/uploads\/2015\/01\/tikka_t65-400px.jpg 400w\" \/><\/a>\n\t<\/div>\n\t<figcaption class=\"woocom-list-content\">\n\n\t\t<div class=\"woocommerce-product-details__short-description\">\n\t<p>QDTikka M55 pikavaihtojalusta on yhteensopiva Tikka M55 mallien oikeak\u00e4tisten lukonkehysten kanssa.<\/p>\n<p>Hylsyaukon pituus ha = 73mm, h=15, Amax=71mm, Amin=53mm ja paino n. 180g. Tarkista kumpi n\u00e4ist\u00e4 (M55 vai M65) k\u00e4y sinun Tikka-kiv\u00e4\u00e4riisi! Toimitukseen kuuluu 2 kiinnitysrengasta, vararuuvit ja 3mm kuusiokoloavain.<\/p>\n<p>Paino n. 180 g.<\/p>\n<\/div>\n\n\t<\/figcaption>\n<\/figure>\n\n<\/article>\n\n<\/div><\/div>[\/vc_column_text][\/vc_column][\/vc_row]<\/p>\n<\/div>","protected":false},"excerpt":{"rendered":"<p>[vc_row][vc_column][vc_column_text]Our scope mounts are built to strict specifications and tight tolerances to ensure quality, fitment, and function. All of our Picatinny (QDP) and rifle mount bases are machined from high-strength AL-7075 aluminum alloy, using an innovative single mount milling process: Each mount base is milled from start to finish without removing the billet, resulting in&hellip;<\/p>\n","protected":false},"author":1,"featured_media":0,"parent":0,"menu_order":0,"comment_status":"closed","ping_status":"closed","template":"","meta":{"footnotes":""},"class_list":["post-388","page","type-page","status-publish","hentry","description-off"],"aioseo_notices":[],"_links":{"self":[{"href":"https:\/\/www.masina-tuote.com\/index.php?rest_route=\/wp\/v2\/pages\/388","targetHints":{"allow":["GET"]}}],"collection":[{"href":"https:\/\/www.masina-tuote.com\/index.php?rest_route=\/wp\/v2\/pages"}],"about":[{"href":"https:\/\/www.masina-tuote.com\/index.php?rest_route=\/wp\/v2\/types\/page"}],"author":[{"embeddable":true,"href":"https:\/\/www.masina-tuote.com\/index.php?rest_route=\/wp\/v2\/users\/1"}],"replies":[{"embeddable":true,"href":"https:\/\/www.masina-tuote.com\/index.php?rest_route=%2Fwp%2Fv2%2Fcomments&post=388"}],"version-history":[{"count":11,"href":"https:\/\/www.masina-tuote.com\/index.php?rest_route=\/wp\/v2\/pages\/388\/revisions"}],"predecessor-version":[{"id":3342,"href":"https:\/\/www.masina-tuote.com\/index.php?rest_route=\/wp\/v2\/pages\/388\/revisions\/3342"}],"wp:attachment":[{"href":"https:\/\/www.masina-tuote.com\/index.php?rest_route=%2Fwp%2Fv2%2Fmedia&parent=388"}],"curies":[{"name":"wp","href":"https:\/\/api.w.org\/{rel}","templated":true}]}}