{"id":2,"date":"2015-01-08T11:52:55","date_gmt":"2015-01-08T11:52:55","guid":{"rendered":"http:\/\/www.masina-tuote.com\/?page_id=2"},"modified":"2024-09-30T14:08:40","modified_gmt":"2024-09-30T11:08:40","slug":"etusivu","status":"publish","type":"page","link":"https:\/\/www.masina-tuote.com\/","title":{"rendered":"Etusivu"},"content":{"rendered":"<div class=\"wpb-content-wrapper\"><p>[vc_row][vc_column][vc_column_text css=&#8221;&#8221;]<\/p>\n<h1>Masina-Tuote Oy on myyt\u00e4v\u00e4n\u00e4<\/h1>\n<p>Masina-Tuote Oy (Y-1585489-3) on myyt\u00e4v\u00e4n\u00e4. Tuotteiden piirustukset l\u00f6ytyv\u00e4t s\u00e4hk\u00f6isen\u00e4, jotenka tuotannon jatkaminen on helppoa. Myyntiin kuuluu my\u00f6s yhti\u00f6n omistama \u201dUnited States Patent No: Silvennoinen US 10,619,977 B2 (Support for mounting an accessory to a weapon -Kiinnitin lis\u00e4varusteen kiinnitt\u00e4miseksi aseeseen). K\u00e4ytt\u00f6kohteita voivat olla my\u00f6s muut kuin tuliaseet ja niihin kiinte\u00e4sti liittyv\u00e4t lis\u00e4varusteet. Voit esim. pikakiinnitt\u00e4\u00e4 s\u00e4hk\u00f6isi\u00e4\/optisia laitteita toiminnallisissa tilannetarpeissa esim. puolustusvoimissa.<\/p>\n<p><a href=\"https:\/\/www.masina-tuote.com\/?page_id=75\">Ota meihin yhteytt\u00e4!<\/a><\/p>\n<h1>Tietoja meist\u00e4 ja tuotteistamme<\/h1>\n<p>Masina-Tuote Oy on vuonna 2000 perustettu perheyritys, jonka toiminnan keskeisen sis\u00e4ll\u00f6n muodostavat omat keksinn\u00f6t, patentit, innovaatiot ja niiden edelleen kehitt\u00e4minen. Merkitt\u00e4vimpi\u00e4 tuotteitamme ovat aseiden merkkikohtaiset lis\u00e4tarvikkeiden pikavaihtojalustat.<\/p>\n<p>Ammattitaitoisten yhteisty\u00f6yritystemme kanssa toteutamme tuotteittemme koneistuksen, karkaisun ja pintak\u00e4sittelyn. Yrityksemme voi n\u00e4in keskitty\u00e4 j\u00e4lkik\u00e4sittelyyn, asennukseen, kokoonpanoon ja tuotekehitykseen.<\/p>\n<p>Kotimaisuus ja yhteensopivuus korostuu kaikessa, suunnittelusta, valmistuksesta ja standardien edellytt\u00e4mist\u00e4 testeist\u00e4 alkaen.[\/vc_column_text][\/vc_column][\/vc_row][vc_row][vc_column]<div class=\"hr-thin style-line\" style=\"width: 100%;border-top-width: 1px;\"><\/div>[vc_column_text css=&#8221;.vc_custom_1517242840994{padding-top: 40px !important;}&#8221;]<\/p>\n<h2 class=\"brush: php; gutter: false\">Tuotekategoriat<\/h2>\n<p>[\/vc_column_text]<div class=\"woocommerce columns-4\"><div class=\"wf-container dt-products  woo-hover products loading-effect-fade-in description-on-hover cart-btn-on-img hide-description\" data-padding=\"0px\" data-cur-page=\"1\" data-desktop-columns-num=\"4\" data-v-tablet-columns-num=\"2\" data-h-tablet-columns-num=\"3\" data-phone-columns-num=\"1\">\n\n<article class=\"post product-category product first\">\n\n\t<figure class=\"woocom-project\">\n\t<div class=\"woo-buttons-on-img\">\n\n\t\t<a href=\"https:\/\/www.masina-tuote.com\/?product_cat=asetekniset-varusteet\" class=\"alignnone\"><img loading=\"lazy\" decoding=\"async\" class=\"preload-me\" src=\"https:\/\/www.masina-tuote.com\/wp-content\/uploads\/2015\/01\/tikka_t3-400-150x150.jpg\" alt=\"Asetekniset varusteet\" width=\"150\" height=\"150\" srcset=\"https:\/\/www.masina-tuote.com\/wp-content\/uploads\/2015\/01\/tikka_t3-400-150x150.jpg 150w, https:\/\/www.masina-tuote.com\/wp-content\/uploads\/2015\/01\/tikka_t3-400-200x200.jpg 200w, https:\/\/www.masina-tuote.com\/wp-content\/uploads\/2015\/01\/tikka_t3-400-300x300.jpg 300w, https:\/\/www.masina-tuote.com\/wp-content\/uploads\/2015\/01\/tikka_t3-400.jpg 400w\" sizes=\"auto, (max-width: 150px) 100vw, 150px\" \/><\/a>\n\t<\/div>\n\t<figcaption class=\"woocom-list-content\">\n\n\t\t\n\t<\/figcaption>\n<\/figure>\n<\/article>\n\n\n\n<article class=\"post product-category product\">\n\n\t<figure class=\"woocom-project\">\n\t<div class=\"woo-buttons-on-img\">\n\n\t\t<a href=\"https:\/\/www.masina-tuote.com\/?product_cat=tangonvetolaitteet\" class=\"alignnone\"><img loading=\"lazy\" decoding=\"async\" class=\"preload-me\" src=\"https:\/\/www.masina-tuote.com\/wp-content\/uploads\/2015\/01\/tangonvetolaite-1600x1600-150x150.jpg\" alt=\"Tangonvetolaitteet\" width=\"150\" height=\"150\" srcset=\"https:\/\/www.masina-tuote.com\/wp-content\/uploads\/2015\/01\/tangonvetolaite-1600x1600-150x150.jpg 150w, https:\/\/www.masina-tuote.com\/wp-content\/uploads\/2015\/01\/tangonvetolaite-1600x1600-200x200.jpg 200w, https:\/\/www.masina-tuote.com\/wp-content\/uploads\/2015\/01\/tangonvetolaite-1600x1600-300x300.jpg 300w, https:\/\/www.masina-tuote.com\/wp-content\/uploads\/2015\/01\/tangonvetolaite-1600x1600-1024x1024.jpg 1024w, https:\/\/www.masina-tuote.com\/wp-content\/uploads\/2015\/01\/tangonvetolaite-1600x1600.jpg 1600w\" sizes=\"auto, (max-width: 150px) 100vw, 150px\" \/><\/a>\n\t<\/div>\n\t<figcaption class=\"woocom-list-content\">\n\n\t\t\n\t<\/figcaption>\n<\/figure>\n<\/article>\n\n<\/div><\/div>[vc_column_text css=&#8221;.vc_custom_1517242819554{padding-top: 40px !important;}&#8221;]<\/p>\n<h2>Suosituimmat tuotteemme<\/h2>\n<p>[\/vc_column_text]<div class=\"woocommerce columns-4 \"><div class=\"wf-container dt-products  woo-hover products loading-effect-fade-in description-on-hover cart-btn-on-img hide-description\" data-padding=\"0px\" data-cur-page=\"1\" data-desktop-columns-num=\"4\" data-v-tablet-columns-num=\"2\" data-h-tablet-columns-num=\"3\" data-phone-columns-num=\"1\">\n\n<article class=\"post visible description-off product type-product post-8418 status-publish first instock product_cat-asetekniset-varusteet product_tag-picatinny product_tag-pikavaihtojalusta product_tag-qdp product_tag-tikka has-post-thumbnail featured taxable shipping-taxable purchasable product-type-variable\">\n\n\t<figure class=\"woocom-project\">\n\t<div class=\"woo-buttons-on-img\">\n\n\t\t<a href=\"https:\/\/www.masina-tuote.com\/?product=qdp95rn-pikavaihtojalusta\" class=\"alignnone layzr-bg\"><img loading=\"lazy\" decoding=\"async\" width=\"150\" height=\"150\" src=\"data:image\/svg+xml;charset=utf-8,%3Csvg xmlns%3D&#039;http%3A%2F%2Fwww.w3.org%2F2000%2Fsvg&#039; viewBox%3D&#039;0 0 150 150&#039;%2F%3E\" class=\"attachment-woocommerce_thumbnail size-woocommerce_thumbnail lazy-load preload-me\" alt=\"QDP95RN pikavaihtojalusta\" data-src=\"https:\/\/www.masina-tuote.com\/wp-content\/uploads\/2020\/10\/QDP95RN-150x150.jpg\" data-srcset=\"https:\/\/www.masina-tuote.com\/wp-content\/uploads\/2020\/10\/QDP95RN-150x150.jpg 150w, https:\/\/www.masina-tuote.com\/wp-content\/uploads\/2020\/10\/QDP95RN-300x300.jpg 300w, https:\/\/www.masina-tuote.com\/wp-content\/uploads\/2020\/10\/QDP95RN-200x200.jpg 200w, https:\/\/www.masina-tuote.com\/wp-content\/uploads\/2020\/10\/QDP95RN.jpg 600w\" \/><\/a>\n\t<\/div>\n\t<figcaption class=\"woocom-list-content\">\n\n\t\t<div class=\"woocommerce-product-details__short-description\">\n\t<p>QDP95RN-pikavaihtojalusta on uusin MIL-STD-1913 standardin mukaan valmistettuun Picatinny-kiskoon NATO-standardin mukaan kiinnittyv\u00e4 jalustamalli. Jalustassa on 3 kpl rekyylipalkkeja, joiden avulla jalusta kest\u00e4\u00e4 voimakkaimpien kiv\u00e4\u00e4riaseiden olkap\u00e4\u00e4h\u00e4n kohdistuvan liike-energian eli \u201dpotkun\u201d. Jo jalustan suunnitteluvaiheessa on huomioitu yh\u00e4 painavampien t\u00e4ht\u00e4inkiikareiden ja voimakkaampien patruunoiden jalustalle asettamat lujuusvaatimukset.<\/p>\n<p>Jalusta ja sen osat on valmistettu parhaasta seosalumiinista Al 7075, jonka lujuusominaisuuksia usein verrataan laadukkaisiin ter\u00e4ksiin. Jalustan ja kiinnitysrenkaiden j\u00e4lkik\u00e4sittely on anodisointi mustaksi, mik\u00e4 antaa kovan ja hankauskulutusta kest\u00e4v\u00e4n pinnan. Jalustan pituus on 105 mm. Paino t\u00e4ydellisen\u00e4 164 g.<\/p>\n<\/div>\n\n\t<\/figcaption>\n<\/figure>\n\n<\/article>\n\n\n\n<article class=\"post visible description-off product type-product post-8401 status-publish instock product_cat-asetekniset-varusteet product_tag-picatinny product_tag-pikavaihtojalusta product_tag-qdp product_tag-tikka has-post-thumbnail featured taxable shipping-taxable purchasable product-type-variable\">\n\n\t<figure class=\"woocom-project\">\n\t<div class=\"woo-buttons-on-img\">\n\n\t\t<a href=\"https:\/\/www.masina-tuote.com\/?product=qdp95r-pikavaihtojalusta\" class=\"alignnone layzr-bg\"><img loading=\"lazy\" decoding=\"async\" width=\"150\" height=\"150\" src=\"data:image\/svg+xml;charset=utf-8,%3Csvg xmlns%3D&#039;http%3A%2F%2Fwww.w3.org%2F2000%2Fsvg&#039; viewBox%3D&#039;0 0 150 150&#039;%2F%3E\" class=\"attachment-woocommerce_thumbnail size-woocommerce_thumbnail lazy-load preload-me\" alt=\"QDP95R pikavaihtojalusta\" data-src=\"https:\/\/www.masina-tuote.com\/wp-content\/uploads\/2020\/10\/QDP95R-150x150.jpg\" data-srcset=\"https:\/\/www.masina-tuote.com\/wp-content\/uploads\/2020\/10\/QDP95R-150x150.jpg 150w, https:\/\/www.masina-tuote.com\/wp-content\/uploads\/2020\/10\/QDP95R-300x300.jpg 300w, https:\/\/www.masina-tuote.com\/wp-content\/uploads\/2020\/10\/QDP95R-200x200.jpg 200w, https:\/\/www.masina-tuote.com\/wp-content\/uploads\/2020\/10\/QDP95R.jpg 600w\" \/><\/a>\n\t<\/div>\n\t<figcaption class=\"woocom-list-content\">\n\n\t\t<div class=\"woocommerce-product-details__short-description\">\n\t<p>QDP95R-pikavaihtojalusta on suunniteltu kiinnitett\u00e4v\u00e4ksi standardin MIL-STD-1913 mukaan valmistettuun Picatinny &#8211; kiskoon ja kiinnittym\u00e4\u00e4n siihen NATO-standardin mukaan. Jalusta ja sen osat on valmistettu parhaasta seosalumiinista Al 7075, jonka lujuusominaisuuksia usein verrataan laadukkaisiin ter\u00e4ksiin. Jalustan ja kiinnitysrenkaiden j\u00e4lkik\u00e4sittely on anodisointi mustaksi, mik\u00e4 antaa kovan ja hankauskulutusta kest\u00e4v\u00e4n pinnan. Jalustan pituus on 95 mm. Paino t\u00e4ydellisen\u00e4 169 g.<\/p>\n<\/div>\n\n\t<\/figcaption>\n<\/figure>\n\n<\/article>\n\n\n\n<article class=\"post visible description-off product type-product post-884 status-publish instock product_cat-asetekniset-varusteet product_tag-picatinny product_tag-pikavaihtojalusta product_tag-qdt product_tag-tikka has-post-thumbnail featured taxable shipping-taxable purchasable product-type-variable\">\n\n\t<figure class=\"woocom-project\">\n\t<div class=\"woo-buttons-on-img\">\n\n\t\t<a href=\"https:\/\/www.masina-tuote.com\/?product=qdt17rl\" class=\"alignnone layzr-bg\"><img loading=\"lazy\" decoding=\"async\" width=\"150\" height=\"150\" src=\"data:image\/svg+xml;charset=utf-8,%3Csvg xmlns%3D&#039;http%3A%2F%2Fwww.w3.org%2F2000%2Fsvg&#039; viewBox%3D&#039;0 0 150 150&#039;%2F%3E\" class=\"attachment-woocommerce_thumbnail size-woocommerce_thumbnail lazy-load preload-me\" alt=\"QDT17 R\/L pikavaihtojalusta\" data-src=\"https:\/\/www.masina-tuote.com\/wp-content\/uploads\/2019\/06\/QDT17_black-150x150.jpg\" data-srcset=\"https:\/\/www.masina-tuote.com\/wp-content\/uploads\/2019\/06\/QDT17_black-150x150.jpg 150w, https:\/\/www.masina-tuote.com\/wp-content\/uploads\/2019\/06\/QDT17_black-200x200.jpg 200w\" \/><\/a>\n\t<\/div>\n\t<figcaption class=\"woocom-list-content\">\n\n\t\t<div class=\"woocommerce-product-details__short-description\">\n\t<p>QDT17 R\/L-pikavaihtojalusta on tarkoitettu Tikka T3 kiv\u00e4\u00e4riaseille, joissa on lis\u00e4varusteiden kiinnitykseen tarkoitettu 17 mm:n suora kisko. R\/L- mallin jalusta sopii sek\u00e4 vasen- ett\u00e4 oikeak\u00e4tiseen lukonkehykseen. T\u00e4m\u00e4 jalusta on my\u00f6s yhteensopiva Lynx-kiv\u00e4\u00e4rien lukonkehykseen, jossa rekyylitopparin lovi on lukonkehyksen takap\u00e4\u00e4ss\u00e4. J\u00e4lleenmyyj\u00e4n ei en\u00e4\u00e4 tarvitse erikseen varastoida vasen- ja oikeak\u00e4tist\u00e4 pikavaihtojalustaa Tikka T3- ja Lynx-kiv\u00e4\u00e4reihin.<\/p>\n<p>Kaikki pikavaihtojalustojen rungot ovat koneistettu alusta loppuun yhdell\u00e4 kiinnityksell\u00e4. T\u00e4ll\u00e4 taataan kiinnityksen toistuvuustarkkuus irrotuksen ja jalustan uudelleenkiinnityksen j\u00e4lkeen.<\/p>\n<p>Jalustojen sormiruuvien kiristykseen ei pid\u00e4 k\u00e4ytt\u00e4\u00e4 ty\u00f6kalua. Pelkk\u00e4 sormivoima riitt\u00e4\u00e4. K\u00e4yt\u00e4 jalustojen ruuvien voiteluun valumatonta rasvaa.<\/p>\n<p>Tapahtuneen tuotekehityksen vuoksi t\u00e4m\u00e4 jalusta korvaa <a href=\"http:\/\/www.masina-tuote.com\/?product=qd-tikka-t3\">Tikka T3 mallin pikavaihtojalustan<\/a>.<\/p>\n<\/div>\n\n\t<\/figcaption>\n<\/figure>\n\n<\/article>\n\n\n\n<article class=\"post visible description-off product type-product post-896 status-publish last instock product_cat-asetekniset-varusteet product_tag-picatinny product_tag-pikavaihtojalusta product_tag-qdp product_tag-tikka has-post-thumbnail featured taxable shipping-taxable purchasable product-type-variable\">\n\n\t<figure class=\"woocom-project\">\n\t<div class=\"woo-buttons-on-img\">\n\n\t\t<a href=\"https:\/\/www.masina-tuote.com\/?product=qdp45r\" class=\"alignnone layzr-bg\"><img loading=\"lazy\" decoding=\"async\" width=\"150\" height=\"150\" src=\"data:image\/svg+xml;charset=utf-8,%3Csvg xmlns%3D&#039;http%3A%2F%2Fwww.w3.org%2F2000%2Fsvg&#039; viewBox%3D&#039;0 0 150 150&#039;%2F%3E\" class=\"attachment-woocommerce_thumbnail size-woocommerce_thumbnail lazy-load preload-me\" alt=\"QDP45R pikavaihtojalusta\" data-src=\"https:\/\/www.masina-tuote.com\/wp-content\/uploads\/2019\/06\/QDP45R-150x150.jpg\" data-srcset=\"https:\/\/www.masina-tuote.com\/wp-content\/uploads\/2019\/06\/QDP45R-150x150.jpg 150w, https:\/\/www.masina-tuote.com\/wp-content\/uploads\/2019\/06\/QDP45R-200x200.jpg 200w\" \/><\/a>\n\t<\/div>\n\t<figcaption class=\"woocom-list-content\">\n\n\t\t<div class=\"woocommerce-product-details__short-description\">\n\t<p>QDP45R-pikavaihtojalusta on suunniteltu kiinnitett\u00e4v\u00e4ksi MIL-STD-1913 standardin mukaan valmistetuille Picatinny-kiskolla varustetuille, suurikaliiperisille ja tehokkaille kiv\u00e4\u00e4riaseille, kuten Tikka T3x uutuuskiv\u00e4\u00e4rille, ja painaville t\u00e4ht\u00e4inkiikareille, kuten Swarovski ds 5-25&#215;52 P, jonka paino ilman jalustaa on 1060 g.<\/p>\n<p>Jalusta ja sen osat on valmistettu parhaasta AL-7075 seosalumiinista, jonka lujuusominaisuuksia on usein verrattu laadukkaisiin ter\u00e4ksiin. T\u00e4m\u00e4 raaka-aine mahdollistaa jalustan muotoilun kevyemm\u00e4ksi k\u00e4ytt\u00f6lujuuden siit\u00e4 kuitenkaan k\u00e4rsim\u00e4tt\u00e4. Musta anodisointi tuo jalustaan ja kiinnitysrenkaisiin kovan ja hankauskulutusta kest\u00e4v\u00e4n pinnan.<\/p>\n<p><em>T\u00e4m\u00e4 malli on purettava, ja kiinnitysrenkaiden vaihto k\u00e4y helposti.<\/em><\/p>\n<\/div>\n\n\t<\/figcaption>\n<\/figure>\n\n<\/article>\n\n\n\n<article class=\"post visible description-off product type-product post-890 status-publish first instock product_cat-asetekniset-varusteet product_tag-picatinny product_tag-pikavaihtojalusta product_tag-qdp product_tag-tikka has-post-thumbnail featured taxable shipping-taxable purchasable product-type-variable\">\n\n\t<figure class=\"woocom-project\">\n\t<div class=\"woo-buttons-on-img\">\n\n\t\t<a href=\"https:\/\/www.masina-tuote.com\/?product=qdp35r\" class=\"alignnone layzr-bg\"><img loading=\"lazy\" decoding=\"async\" width=\"150\" height=\"150\" src=\"data:image\/svg+xml;charset=utf-8,%3Csvg xmlns%3D&#039;http%3A%2F%2Fwww.w3.org%2F2000%2Fsvg&#039; viewBox%3D&#039;0 0 150 150&#039;%2F%3E\" class=\"attachment-woocommerce_thumbnail size-woocommerce_thumbnail lazy-load preload-me\" alt=\"QDP35R pikavaihtojalusta\" data-src=\"https:\/\/www.masina-tuote.com\/wp-content\/uploads\/2019\/06\/QDP35R-150x150.jpg\" data-srcset=\"https:\/\/www.masina-tuote.com\/wp-content\/uploads\/2019\/06\/QDP35R-150x150.jpg 150w, https:\/\/www.masina-tuote.com\/wp-content\/uploads\/2019\/06\/QDP35R-200x200.jpg 200w\" \/><\/a>\n\t<\/div>\n\t<figcaption class=\"woocom-list-content\">\n\n\t\t<div class=\"woocommerce-product-details__short-description\">\n\t<p>QDP35R-pikavaihtojalusta on suunniteltu kiinnitett\u00e4v\u00e4ksi MIL-STD-1913 standardin mukaan valmistetuille Picatinny-kiskolla varustetuille, suurikaliiperisille ja tehokkaille kiv\u00e4\u00e4riaseille, kuten Tikka T3x uutuuskiv\u00e4\u00e4rille, ja painaville t\u00e4ht\u00e4inkiikareille kuten Swarovski dS 5-25&#215;52 P, jonka paino ilman jalustaa on 1060 g.<\/p>\n<p>Jalusta ja sen osat on valmistettu parhaasta AL-7075 seosalumiinista, jonka lujuusominaisuuksia on usein verrattu laadukkaisiin ter\u00e4ksiin. T\u00e4m\u00e4 raaka-aine mahdollistaa jalustan muotoilun kevyemm\u00e4ksi k\u00e4ytt\u00f6lujuuden siit\u00e4 kuitenkaan k\u00e4rsim\u00e4tt\u00e4. Musta anodisointi tuo jalustaan ja kiinnitysrenkaisiin kovan ja hankauskulutusta kest\u00e4v\u00e4n pinnan.<\/p>\n<p><em>T\u00e4m\u00e4 malli ei ole purettava, eli kiinnitysrenkaiden vaihto ei ole mahdollista.<\/em><\/p>\n<\/div>\n\n\t<\/figcaption>\n<\/figure>\n\n<\/article>\n\n\n\n<article class=\"post visible description-off product type-product post-551 status-publish instock product_cat-asetekniset-varusteet product_tag-brno product_tag-cz product_tag-pikavaihtojalusta product_tag-qdr product_tag-rihlakko product_tag-taiga product_tag-tikka-07 product_tag-valmet has-post-thumbnail featured taxable shipping-taxable purchasable product-type-variable\">\n\n\t<figure class=\"woocom-project\">\n\t<div class=\"woo-buttons-on-img\">\n\n\t\t<a href=\"https:\/\/www.masina-tuote.com\/?product=qdr11\" class=\"alignnone layzr-bg\"><img loading=\"lazy\" decoding=\"async\" width=\"150\" height=\"150\" src=\"data:image\/svg+xml;charset=utf-8,%3Csvg xmlns%3D&#039;http%3A%2F%2Fwww.w3.org%2F2000%2Fsvg&#039; viewBox%3D&#039;0 0 150 150&#039;%2F%3E\" class=\"attachment-woocommerce_thumbnail size-woocommerce_thumbnail lazy-load preload-me\" alt=\"QDR11 pikavaihtojalusta\" data-src=\"https:\/\/www.masina-tuote.com\/wp-content\/uploads\/2015\/10\/qdr11-150x150.jpg\" \/><\/a>\n\t<\/div>\n\t<figcaption class=\"woocom-list-content\">\n\n\t\t<div class=\"woocommerce-product-details__short-description\">\n\t<p>QDR11 pikavaihtojalusta on suunniteltu rihlakoille kuten Valmet, Tikka 07, CZ, BRNO ja Taiga. Se on yhteensopiva 11 mm yhten\u00e4iselle suoralle kiinnityskiskolle, jonka yl\u00e4pinta on suora.<\/p>\n<p class=\"p1\">Jalustan kiinnityspituus on 60 mm. Rekyylitopparin paikka on 18mm kiinnityspituuden p\u00e4\u00e4st\u00e4 mitattuna. h = 12mm, A = 57mm, paino = n. 120g.<\/p>\n<\/div>\n\n\t<\/figcaption>\n<\/figure>\n\n<\/article>\n\n<\/div><\/div>[\/vc_column][\/vc_row]<\/p>\n<\/div>","protected":false},"excerpt":{"rendered":"<p>[vc_row][vc_column][vc_column_text css=&#8221;&#8221;] Masina-Tuote Oy on myyt\u00e4v\u00e4n\u00e4 Masina-Tuote Oy (Y-1585489-3) on myyt\u00e4v\u00e4n\u00e4. Tuotteiden piirustukset l\u00f6ytyv\u00e4t s\u00e4hk\u00f6isen\u00e4, jotenka tuotannon jatkaminen on helppoa. Myyntiin kuuluu my\u00f6s yhti\u00f6n omistama \u201dUnited States Patent No: Silvennoinen US 10,619,977 B2 (Support for mounting an accessory to a weapon -Kiinnitin lis\u00e4varusteen kiinnitt\u00e4miseksi aseeseen). K\u00e4ytt\u00f6kohteita voivat olla my\u00f6s muut kuin tuliaseet ja niihin kiinte\u00e4sti&hellip;<\/p>\n","protected":false},"author":1,"featured_media":0,"parent":0,"menu_order":0,"comment_status":"closed","ping_status":"closed","template":"","meta":{"footnotes":""},"class_list":["post-2","page","type-page","status-publish","hentry","description-off"],"aioseo_notices":[],"_links":{"self":[{"href":"https:\/\/www.masina-tuote.com\/index.php?rest_route=\/wp\/v2\/pages\/2","targetHints":{"allow":["GET"]}}],"collection":[{"href":"https:\/\/www.masina-tuote.com\/index.php?rest_route=\/wp\/v2\/pages"}],"about":[{"href":"https:\/\/www.masina-tuote.com\/index.php?rest_route=\/wp\/v2\/types\/page"}],"author":[{"embeddable":true,"href":"https:\/\/www.masina-tuote.com\/index.php?rest_route=\/wp\/v2\/users\/1"}],"replies":[{"embeddable":true,"href":"https:\/\/www.masina-tuote.com\/index.php?rest_route=%2Fwp%2Fv2%2Fcomments&post=2"}],"version-history":[{"count":46,"href":"https:\/\/www.masina-tuote.com\/index.php?rest_route=\/wp\/v2\/pages\/2\/revisions"}],"predecessor-version":[{"id":12270,"href":"https:\/\/www.masina-tuote.com\/index.php?rest_route=\/wp\/v2\/pages\/2\/revisions\/12270"}],"wp:attachment":[{"href":"https:\/\/www.masina-tuote.com\/index.php?rest_route=%2Fwp%2Fv2%2Fmedia&parent=2"}],"curies":[{"name":"wp","href":"https:\/\/api.w.org\/{rel}","templated":true}]}}